
{"id":20,"date":"2023-05-15T01:59:10","date_gmt":"2023-05-15T00:59:10","guid":{"rendered":"https:\/\/themeholy.com\/wordpress\/malen\/?page_id=20"},"modified":"2023-10-31T10:06:19","modified_gmt":"2023-10-31T10:06:19","slug":"acceuil","status":"publish","type":"page","link":"https:\/\/garagemadeleine-bcs.fr\/","title":{"rendered":"Accueil"},"content":{"rendered":"<p>Faites confiance \u00e0 nos m\u00e9caniciens exp\u00e9riment\u00e9s.<\/p>\n<h1 data-ani=\"slideinup\" data-ani-delay=\"0.3s\">Votre voiture m\u00e9rite le meilleur, et c&#8217;est ce que nous offrons.<\/h1>\n<h1 data-ani=\"slideinup\" data-ani-delay=\"0.6s\"><\/h1>\n<h1><\/h1>\n<p>\t\t\t\t\t\t\t\t\t<a href=\"https:\/\/themeholy.com\/wordpress\/malen\/contact\/\">Contactez-nous<\/a><br \/>\n\t\t\t\t\t\t\t\tNous sommes l\u00e0 pour vous aider \u00e0 maintenir votre voiture en parfait \u00e9tat.<\/p>\n<h1 data-ani=\"slideinup\" data-ani-delay=\"0.3s\">Apportez vos voitures au meilleur garage de la r\u00e9gion<\/h1>\n<h1 data-ani=\"slideinup\" data-ani-delay=\"0.6s\"><\/h1>\n<h1><\/h1>\n<p>\t\t\t\t\t\t\t\t\t<a href=\"https:\/\/themeholy.com\/wordpress\/malen\/contact\/\">Contactez-nous<\/a><br \/>\n\t\t\t\t<button data-slick-prev=\"#heroSlide1\">prev<\/button><br \/>\n\t\t\t\t<button data-slick-next=\"#heroSlide1\">next<\/button><br \/>\n\t\t\t<!-- Image --><img decoding=\"async\" src=\"https:\/\/themeholy.com\/wordpress\/malen\/wp-content\/uploads\/2023\/05\/about_shape2.png\" alt=\"garagemadeleine-bcs.fr\" ><!-- End Image --><br \/>\n\t\t\t<!-- Image --><img decoding=\"async\" src=\"https:\/\/themeholy.com\/wordpress\/malen\/wp-content\/uploads\/2023\/05\/shape-1.png\" alt=\"garagemadeleine-bcs.fr\" ><!-- End Image --><br \/>\n\t\t\t<!-- Image --><img decoding=\"async\" src=\"https:\/\/themeholy.com\/wordpress\/malen\/wp-content\/uploads\/2023\/05\/shape-2.png\" alt=\"garagemadeleine-bcs.fr\" ><!-- End Image --><br \/>\n\t\t\t<!-- Image --><img decoding=\"async\" src=\"https:\/\/themeholy.com\/wordpress\/malen\/wp-content\/uploads\/2023\/05\/shape-3.png\" alt=\"garagemadeleine-bcs.fr\" ><!-- End Image --><br \/>\n\t\t\t\t\t<img decoding=\"async\" src=\"http:\/\/garagemadeleine-bcs.fr\/wp-content\/uploads\/2023\/09\/20230731_084907-scaled.jpg\" alt=\"20230731_084907 scaled\"  \/><br \/>\n\t\t\t\t\t\t<img decoding=\"async\" src=\"https:\/\/themeholy.com\/wordpress\/malen\/wp-content\/uploads\/2023\/05\/car-repair.svg\" alt=\"car repair\"  \/>\t\t\t\t\tR\u00e9paration de v\u00e9hicules<\/p>\n<h3>34+<\/h3>\n<p>\t\t\t\t\tAnn\u00e9es d&#039;exp\u00e9rience professionnelle<br \/>\n\t\t\t\t\t\t<img decoding=\"async\" src=\"https:\/\/themeholy.com\/wordpress\/malen\/wp-content\/uploads\/2023\/05\/line.svg\" alt=\"line\"  \/>\t\t\t\t\t<\/p>\n<h2>\u00c0 propos de nous<\/h2>\n<h2>Notre histoire et nos valeurs<br \/>\n<\/h2>\n<p>Notre \u00e9quipe est compos\u00e9e de m\u00e9caniciens qualifi\u00e9s et passionn\u00e9s qui sont toujours \u00e0 l&#8217;aff\u00fbt des derni\u00e8res technologies et des meilleures pratiques de l&#8217;industrie. Nous investissons r\u00e9guli\u00e8rement dans la formation de notre personnel pour assurer un service de qualit\u00e9 sup\u00e9rieure \u00e0 nos clients.<\/p>\n<ul>\n<li>R\u00e9parations de qualit\u00e9 sup\u00e9rieure<\/li>\n<li>Diagnostic et r\u00e9paration pr\u00e9cis<\/li>\n<li>M\u00e9caniciens qualifi\u00e9s et passionn\u00e9s<\/li>\n<\/ul>\n<p>\t\t\t\t\t\t\t<a href=\"tel:+5940594290382\"><br \/>\n\t\t\t\t\t\t\t\t<img decoding=\"async\" src=\"http:\/\/garagemadeleine-bcs.fr\/wp-content\/uploads\/2023\/09\/momp-removebg-preview-e1695045843883.png\" alt=\"momp removebg preview e1695045843883\"  \/>\t\t\t\t\t\t\t<\/a><br \/>\n\t\t\t\t\t\t\tAppelez-nous<\/p>\n<p><a href=\"tel:+5940594290382\">+(594) 05 94 29 03 82<\/a>\n\t\t\t\t\t\t\t<\/p>\n<p>\t\t\t\t\t\t<a href=\"https:\/\/garagemadeleine-bcs.fr\/?page_id=23\">D\u00e9couvrir plus<\/a><\/p>\n<h3>\n\t\t\t\t\t\t\t\t\t00<br \/>\n                                            %\t\t\t\t\t\t\t\t<\/h3>\n<p>Taux de r\u00e9ussite<\/p>\n<h3>\n\t\t\t\t\t\t\t\t\t00<br \/>\n                                            +\t\t\t\t\t\t\t\t<\/h3>\n<p>Clients satisfaits<\/p>\n<p>\t\t\tNos Services<\/p>\n<h2>Notre gamme compl\u00e8te de services sur mesure<\/h2>\n<p>\t\t\t\t\t\t\t<img decoding=\"async\" src=\"https:\/\/themeholy.com\/wordpress\/malen\/wp-content\/uploads\/2023\/05\/service_1_1.jpg\" alt=\"service_1_1\"  \/><br \/>\n\t\t\t\t\t\t\t\t\t<img decoding=\"async\" src=\"https:\/\/themeholy.com\/wordpress\/malen\/wp-content\/uploads\/2023\/05\/service_1_1.svg\" alt=\"service_1_1\"  \/>\t\t\t\t\t\t\t\t<\/p>\n<h3><a href=\"\">Freinage<\/a><br \/>\n\t\t\t\t\t\t\t\t\t\t<img decoding=\"async\" src=\"https:\/\/themeholy.com\/wordpress\/malen\/wp-content\/uploads\/2023\/05\/line2.svg\" alt=\"line2\"  \/><br \/>\n\t\t\t\t\t\t\t\t<\/h3>\n<p>Notre service de freinage est con\u00e7u pour garantir que votre v\u00e9hicule s&#039;arr\u00eate en toute s\u00e9curit\u00e9.<\/p>\n<p>\t\t\t\t\t\t\t<a href=\"\"><\/a><br \/>\n\t\t\t\t\t\t\t<img decoding=\"async\" src=\"https:\/\/themeholy.com\/wordpress\/malen\/wp-content\/uploads\/2023\/05\/service_1_4.jpg\" alt=\"service_1_4\"  \/><br \/>\n\t\t\t\t\t\t\t\t\t<img decoding=\"async\" src=\"http:\/\/garagemadeleine-bcs.fr\/wp-content\/uploads\/2023\/05\/service_1_3.svg\" alt=\"service_1_3\"  \/>\t\t\t\t\t\t\t\t<\/p>\n<h3><a href=\"\"> Vidange<\/a><br \/>\n\t\t\t\t\t\t\t\t\t\t<img decoding=\"async\" src=\"https:\/\/themeholy.com\/wordpress\/malen\/wp-content\/uploads\/2023\/05\/line2.svg\" alt=\"line2\"  \/><br \/>\n\t\t\t\t\t\t\t\t<\/h3>\n<p> Notre service de vidange d&#039;huile consiste \u00e0 remplacer l&#039;huile usag\u00e9e de votre moteur par de l&#039;huile neuve.<\/p>\n<p>\t\t\t\t\t\t\t<a href=\"\"><\/a><br \/>\n\t\t\t\t\t\t\t<img decoding=\"async\" src=\"https:\/\/themeholy.com\/wordpress\/malen\/wp-content\/uploads\/2023\/05\/service_1_4.jpg\" alt=\"service_1_4\"  \/><br \/>\n\t\t\t\t\t\t\t\t\t<img decoding=\"async\" src=\"http:\/\/garagemadeleine-bcs.fr\/wp-content\/uploads\/2023\/05\/service_3_4.svg\" alt=\"service_3_4\"  \/>\t\t\t\t\t\t\t\t<\/p>\n<h3><a href=\"\"> Diagnostic<\/a><br \/>\n\t\t\t\t\t\t\t\t\t\t<img decoding=\"async\" src=\"https:\/\/themeholy.com\/wordpress\/malen\/wp-content\/uploads\/2023\/05\/line2.svg\" alt=\"line2\"  \/><br \/>\n\t\t\t\t\t\t\t\t<\/h3>\n<p> Notre service de diagnostic est con\u00e7u pour identifier les probl\u00e8mes potentiels de votre v\u00e9hicule.<\/p>\n<p>\t\t\t\t\t\t\t<a href=\"\"><\/a><br \/>\n\t\t\t\t\t\t\t<img decoding=\"async\" src=\"https:\/\/themeholy.com\/wordpress\/malen\/wp-content\/uploads\/2023\/05\/service_1_4.jpg\" alt=\"service_1_4\"  \/><br \/>\n\t\t\t\t\t\t\t\t\t<img decoding=\"async\" src=\"http:\/\/garagemadeleine-bcs.fr\/wp-content\/uploads\/2023\/05\/service_1_2.svg\" alt=\"service_1_2\"  \/>\t\t\t\t\t\t\t\t<\/p>\n<h3><a href=\"\">Automobile<\/a><br \/>\n\t\t\t\t\t\t\t\t\t\t<img decoding=\"async\" src=\"https:\/\/themeholy.com\/wordpress\/malen\/wp-content\/uploads\/2023\/05\/line2.svg\" alt=\"line2\"  \/><br \/>\n\t\t\t\t\t\t\t\t<\/h3>\n<p> Nous offrons une gamme compl\u00e8te de services automobiles, y compris des r\u00e9parations m\u00e9caniques.<\/p>\n<p>\t\t\t\t\t\t\t<a href=\"\"><\/a><br \/>\n\t\t\t\t\t\t\t<img decoding=\"async\" src=\"https:\/\/themeholy.com\/wordpress\/malen\/wp-content\/uploads\/2023\/05\/service_1_4.jpg\" alt=\"service_1_4\"  \/><br \/>\n\t\t\t\t\t\t\t\t\t<img decoding=\"async\" src=\"http:\/\/garagemadeleine-bcs.fr\/wp-content\/uploads\/2023\/05\/service_1_4.svg\" alt=\"service_1_4\"  \/>\t\t\t\t\t\t\t\t<\/p>\n<h3><a href=\"\">Pose d&#039;accessoires<\/a><br \/>\n\t\t\t\t\t\t\t\t\t\t<img decoding=\"async\" src=\"https:\/\/themeholy.com\/wordpress\/malen\/wp-content\/uploads\/2023\/05\/line2.svg\" alt=\"line2\"  \/><br \/>\n\t\t\t\t\t\t\t\t<\/h3>\n<p> Nous offrons  des services de pose d&#039;accessoires pour personnaliser votre v\u00e9hicule.<\/p>\n<p>\t\t\t\t\t\t\t<a href=\"\"><\/a><br \/>\n\t\t\t\t\t\t\t<img decoding=\"async\" src=\"https:\/\/themeholy.com\/wordpress\/malen\/wp-content\/uploads\/2023\/05\/service_1_4.jpg\" alt=\"service_1_4\"  \/><br \/>\n\t\t\t\t\t\t\t\t\t<img decoding=\"async\" src=\"http:\/\/garagemadeleine-bcs.fr\/wp-content\/uploads\/2023\/05\/users3.svg\" alt=\"users3\"  \/>\t\t\t\t\t\t\t\t<\/p>\n<h3><a href=\"\">Commande de pi\u00e8ces<\/a><br \/>\n\t\t\t\t\t\t\t\t\t\t<img decoding=\"async\" src=\"https:\/\/themeholy.com\/wordpress\/malen\/wp-content\/uploads\/2023\/05\/line2.svg\" alt=\"line2\"  \/><br \/>\n\t\t\t\t\t\t\t\t<\/h3>\n<p>Ce service  est con\u00e7u pour vous  aidez  \u00e0 trouver les pi\u00e8ces dont vous avez besoin pour votre v\u00e9hicule.<\/p>\n<p>\t\t\t\t\t\t\t<a href=\"\"><\/a><\/p>\n<section data-bg-src=\"https:\/\/themeholy.com\/wordpress\/malen\/wp-content\/uploads\/2023\/05\/cta_bg_1.png\">\n\t\t\t\t<img decoding=\"async\" src=\"https:\/\/themeholy.com\/wordpress\/malen\/wp-content\/uploads\/2023\/05\/cta-thumb.png\" alt=\"cta thumb\"  \/>\t\t\t<\/p>\n<h2>Obtenir un atelier de r\u00e9paration facile<\/h2>\n<p> Un petit probl\u00e8me peut rapidement devenir un gros souci si vous ne le r\u00e9parez pas rapidement.<\/p>\n<p>\t\t\t\t\t\t\t<a href=\"https:\/\/garagemadeleine-bcs.fr\/?page_id=28\">Contactez-nous<\/a><br \/>\n\t\t<\/section>\n<p>\t\t\t<!-- Image --><img decoding=\"async\" src=\"https:\/\/themeholy.com\/wordpress\/malen\/wp-content\/uploads\/2023\/05\/feature_shape.png\" alt=\"garagemadeleine-bcs.fr\" ><!-- End Image --><br \/>\n\t\t\t Conduire en toute s\u00e9curit\u00e9<\/p>\n<style>\/*! elementor - v3.16.0 - 14-09-2023 *\/\n.elementor-heading-title{padding:0;margin:0;line-height:1}.elementor-widget-heading .elementor-heading-title[class*=elementor-size-]>a{color:inherit;font-size:inherit;line-height:inherit}.elementor-widget-heading .elementor-heading-title.elementor-size-small{font-size:15px}.elementor-widget-heading .elementor-heading-title.elementor-size-medium{font-size:19px}.elementor-widget-heading .elementor-heading-title.elementor-size-large{font-size:29px}.elementor-widget-heading .elementor-heading-title.elementor-size-xl{font-size:39px}.elementor-widget-heading .elementor-heading-title.elementor-size-xxl{font-size:59px}<\/style>\n<h2>Prenez le volant en toute s\u00e9r\u00e9nit\u00e9.<br \/>\n<\/h2>\n<p>                        <img decoding=\"async\" src=\"https:\/\/themeholy.com\/wordpress\/malen\/wp-content\/uploads\/2023\/05\/feature_shape.svg\" alt=\"feature_shape\"  \/><br \/>\n                        <img decoding=\"async\" src=\"https:\/\/themeholy.com\/wordpress\/malen\/wp-content\/uploads\/2023\/05\/technician.svg\" alt=\"technician\"  \/>                    <\/p>\n<h3>Pi\u00e8ces et \u00e9quipements de qualit\u00e9<\/h3>\n<p>Favorise le fonctionement de votre v\u00e9hicule de mani\u00e8re fiable et efficace.<\/p>\n<p>                        <img decoding=\"async\" src=\"https:\/\/themeholy.com\/wordpress\/malen\/wp-content\/uploads\/2023\/05\/feature_shape.svg\" alt=\"feature_shape\"  \/><br \/>\n                        <img decoding=\"async\" src=\"https:\/\/themeholy.com\/wordpress\/malen\/wp-content\/uploads\/2023\/05\/mechanic.svg\" alt=\"mechanic\"  \/>                    <\/p>\n<h3>Ing\u00e9nieur professionnel<\/h3>\n<p>Nos m\u00e9caniciens sont form\u00e9s pour r\u00e9soudre  les probl\u00e8mes m\u00e9caniques avec  efficacit\u00e9.<\/p>\n<p>                        <img decoding=\"async\" src=\"https:\/\/themeholy.com\/wordpress\/malen\/wp-content\/uploads\/2023\/05\/feature_shape.svg\" alt=\"feature_shape\"  \/><br \/>\n                        <img decoding=\"async\" src=\"https:\/\/themeholy.com\/wordpress\/malen\/wp-content\/uploads\/2023\/05\/pistons.svg\" alt=\"pistons\"  \/>                    <\/p>\n<h3>Service client exceptionnel<\/h3>\n<p>Notre \u00e9quipe  professionnelle r\u00e9pondra \u00e0 toutes vos questions et vous guidera lors du  processus. <\/p>\n<h4>Client satisfait<br \/>\n                        <\/h4>\n<h4> Comp\u00e9tence technique<br \/>\n                        <\/h4>\n<h4> Propret\u00e9 et ordre<br \/>\n                        <\/h4>\n<p>\t\t\t\t<a href=\"https:\/\/garagemadeleine-bcs.fr\/?page_id=23\">En savoir plus <\/a><br \/>\n\t\t\t\t\t\t<a href=\"tel:+5940594290382\"><br \/>\n\t\t\t\t\t\t\t<img decoding=\"async\" src=\"https:\/\/themeholy.com\/wordpress\/malen\/wp-content\/uploads\/2023\/05\/call.svg\" alt=\"call\"  \/>\t\t\t\t\t\t<\/a><br \/>\n\t\t\t\t\t\tAppelez-nous<\/p>\n<p><a href=\"tel:+5940594290382\">+(594) 05 94 29 03 82<\/a><\/p>\n<p>\t\t\t\t\t<img decoding=\"async\" src=\"https:\/\/themeholy.com\/wordpress\/malen\/wp-content\/uploads\/2023\/05\/feature_1.jpg\" alt=\"feature_1\"  \/>\t\t\t\t<\/p>\n<h2>2563+<\/h2>\n<p>Clients satisfaits de nos services\n<\/p>\n<p>\t\t\t\t\t\t\t<img decoding=\"async\" src=\"https:\/\/themeholy.com\/wordpress\/malen\/wp-content\/uploads\/2023\/05\/driver.svg\" alt=\"driver\"  \/><br \/>\n\t\t\tNotre entreprise <\/p>\n<h2>Faites le choix  de l&#8217;excellence avec notre entreprise.<\/h2>\n<p>\t\t\t\t\t\t\t<img decoding=\"async\" src=\"http:\/\/garagemadeleine-bcs.fr\/wp-content\/uploads\/2023\/09\/20230731_084809-scaled.jpg\" alt=\"20230731_084809 scaled\"  \/>                        <\/p>\n<h6><\/h6>\n<h4><a href=\"\">PDG<\/a><\/h4>\n<p>\t\t\t\t\t\t\t<img decoding=\"async\" src=\"http:\/\/garagemadeleine-bcs.fr\/wp-content\/uploads\/2023\/09\/20230731_085059-scaled.jpg\" alt=\"20230731_085059 scaled\"  \/>                        <\/p>\n<h6><\/h6>\n<h4><a href=\"\">LIng\u00e9nieure en automatisme<\/a><\/h4>\n<p>\t\t\t\t\t\t\t<img decoding=\"async\" src=\"http:\/\/garagemadeleine-bcs.fr\/wp-content\/uploads\/2023\/09\/20230731_085046-scaled.jpg\" alt=\"20230731_085046 scaled\"  \/>                        <\/p>\n<h6><\/h6>\n<h4><a href=\"\">S\u00e9cretaire de direction<\/a><\/h4>\n<p>\t\t\t<!-- Image --><img decoding=\"async\" src=\"https:\/\/themeholy.com\/wordpress\/malen\/wp-content\/uploads\/2023\/05\/team_shape.png\" alt=\"garagemadeleine-bcs.fr\" ><!-- End Image --><br \/>\n\t\t\t<!-- Image --><img decoding=\"async\" src=\"https:\/\/themeholy.com\/wordpress\/malen\/wp-content\/uploads\/2023\/05\/testi_shape_1.png\" alt=\"garagemadeleine-bcs.fr\" ><!-- End Image --><br \/>\n\t\t\t<!-- Image --><img decoding=\"async\" src=\"https:\/\/themeholy.com\/wordpress\/malen\/wp-content\/uploads\/2023\/05\/testi_shape_2.png\" alt=\"garagemadeleine-bcs.fr\" ><!-- End Image --><br \/>\n\t\t\tT\u00e9moignages <\/p>\n<h2>Ce que les clients disent de nous<\/h2>\n<p>\t\t\t\t\t\t\t<img decoding=\"async\" src=\"https:\/\/themeholy.com\/wordpress\/malen\/wp-content\/uploads\/2023\/05\/testi_shape.png\" alt=\"testi_shape\"  \/><br \/>\n\t\t\t\t\t\t\t\t<img decoding=\"async\" src=\"https:\/\/themeholy.com\/wordpress\/malen\/wp-content\/uploads\/2023\/05\/testi_1_1.jpg\" alt=\"testi_1_1\"  \/>                            <\/p>\n<p> Le garage Madeleine est sans aucun doute l&#8217;un des meilleurs garages de Guyane. Le personnel est comp\u00e9tent, professionnel et sympathique. Ils sont toujours pr\u00eats \u00e0 aider et \u00e0 r\u00e9pondre \u00e0 toutes les questions que vous pourriez avoir.<\/p>\n<h3>Ronald \tLouis<\/h3>\n<p>                                        Fondateur PDG<br \/>\n\t\t\t\t\t\t\t\t\t\t<img decoding=\"async\" src=\"https:\/\/themeholy.com\/wordpress\/malen\/wp-content\/uploads\/2023\/05\/quote.svg\" alt=\"quote\"  \/><br \/>\n\t\t\t\t\t\t\t<img decoding=\"async\" src=\"https:\/\/themeholy.com\/wordpress\/malen\/wp-content\/uploads\/2023\/05\/testi_shape.png\" alt=\"testi_shape\"  \/><br \/>\n\t\t\t\t\t\t\t\t<img decoding=\"async\" src=\"https:\/\/themeholy.com\/wordpress\/malen\/wp-content\/uploads\/2023\/05\/testi_1_2.jpg\" alt=\"testi_1_2\"  \/>                            <\/p>\n<p> J&#8217;ai \u00e9t\u00e9 tr\u00e8s impressionn\u00e9 par la qualit\u00e9 du service offert par le garage Madeleine. Ils ont rapidement diagnostiqu\u00e9 le probl\u00e8me avec ma voiture et l&#8217;ont r\u00e9par\u00e9 en un rien de temps. Je recommande vivement ce garage \u00e0 tous ceux qui cherchent un service de qualit\u00e9.<\/p>\n<h3>Dianne Clet<\/h3>\n<p>                                        Client r\u00e9gulier<br \/>\n\t\t\t\t\t\t\t\t\t\t<img decoding=\"async\" src=\"https:\/\/themeholy.com\/wordpress\/malen\/wp-content\/uploads\/2023\/05\/quote.svg\" alt=\"quote\"  \/><br \/>\n\t\t\t\t\t\t\t<img decoding=\"async\" src=\"https:\/\/themeholy.com\/wordpress\/malen\/wp-content\/uploads\/2023\/05\/testi_shape.png\" alt=\"testi_shape\"  \/><br \/>\n\t\t\t\t\t\t\t\t<img decoding=\"async\" src=\"https:\/\/themeholy.com\/wordpress\/malen\/wp-content\/uploads\/2023\/05\/testi_1_3.jpg\" alt=\"testi_1_3\"  \/>                            <\/p>\n<p>Le garage Madeleine est un endroit fantastique pour faire entretenir votre voiture. Le personnel est tr\u00e8s comp\u00e9tent et ils utilisent les derni\u00e8res technologies pour assurer la qualit\u00e9 de leur travail. Je suis tr\u00e8s satisfait de leur service et je les recommande vivement.<\/p>\n<h3>Charles Wade <\/h3>\n<p>                                        Directeur g\u00e9n\u00e9ral<br \/>\n\t\t\t\t\t\t\t\t\t\t<img decoding=\"async\" src=\"https:\/\/themeholy.com\/wordpress\/malen\/wp-content\/uploads\/2023\/05\/quote.svg\" alt=\"quote\"  \/><br \/>\n\t\t\tfaites nous confiance <\/p>\n<h2>Besoin d&#8217;un m\u00e9canicien ?<\/h2>\n<p>Faites confiance \u00e0 garage madeleine pour des r\u00e9parations de premier ordre et reprenez la route avec confiance et s\u00e9r\u00e9nit\u00e9. Prenez rendez-vous d\u00e8s aujourd&#8217;hui et d\u00e9couvrez pourquoi nos clients nous choisissent comme leur partenaire de confiance sur la route.<\/p>\n<\/p>\n<p>\t\t\t\t\t\t<a href=\"https:\/\/garagemadeleine-bcs.fr\/?page_id=28\">CONTACTEZ-NOUS <\/a><br \/>\n\t\t\t\t\t\t\t<a href=\"tel:+5940594290382\n\"><br \/>\n\t\t\t\t\t\t\t\t<img decoding=\"async\" src=\"https:\/\/themeholy.com\/wordpress\/malen\/wp-content\/uploads\/2023\/05\/call.svg\" alt=\"call\"  \/>\t\t\t\t\t\t\t<\/a><br \/>\n\t\t\t\t\t\t\tAppelez-nous<\/p>\n<p><a href=\"tel:+5940594290382\n\">+(594) 05 94 29 03 82<br \/>\n<\/a><\/p>\n<h4> Prendre un rendez-vous ?<\/h4>\n<p role=\"status\" aria-live=\"polite\" aria-atomic=\"true\">\n<ul><\/ul>\n<form action=\"\/wp-admin\/admin-ajax.php#wpcf7-f913-o1\" method=\"post\" aria-label=\"Contact form\" novalidate=\"novalidate\" data-status=\"init\">\n<input type=\"hidden\" name=\"_wpcf7\" value=\"913\" \/><br \/>\n<input type=\"hidden\" name=\"_wpcf7_version\" value=\"5.8\" \/><br \/>\n<input type=\"hidden\" name=\"_wpcf7_locale\" value=\"en_US\" \/><br \/>\n<input type=\"hidden\" name=\"_wpcf7_unit_tag\" value=\"wpcf7-f913-o1\" \/><br \/>\n<input type=\"hidden\" name=\"_wpcf7_container_post\" value=\"0\" \/><br \/>\n<input type=\"hidden\" name=\"_wpcf7_posted_data_hash\" value=\"\" \/><br \/>\n        <input size=\"40\" aria-required=\"true\" aria-invalid=\"false\" placeholder=\"Votre Nom\" value=\"\" type=\"text\" name=\"votre-nom\" \/><br \/>\n        <input size=\"40\" aria-required=\"true\" aria-invalid=\"false\" placeholder=\"Votre adresse courriel\" value=\"\" type=\"email\" name=\"votre-mail\" \/><br \/>\n        <input size=\"40\" aria-required=\"true\" aria-invalid=\"false\" placeholder=\"T\u00e9l\u00e9phone\" value=\"\" type=\"tel\" name=\"tel\" \/><br \/>\n       <select aria-required=\"true\" aria-invalid=\"false\" name=\"services\"><option value=\"M\u00e9canique\">M\u00e9canique<\/option><option value=\"Climatisation\">Climatisation<\/option><option value=\"Electricit\u00e9\">Electricit\u00e9<\/option><\/select><br \/>\n        <textarea cols=\"40\" rows=\"10\" aria-required=\"true\" aria-invalid=\"false\" placeholder=\"Votre message\" name=\"votre-message\"><\/textarea><br \/>\n\t\t<button type=\"submit\"> ENVOYER <\/button><br \/>\n<\/form>\n<p>\t\t\t\t\t<img decoding=\"async\" src=\"https:\/\/themeholy.com\/wordpress\/malen\/wp-content\/uploads\/2023\/05\/line-rotate.png\" alt=\"line rotate\"  \/>\t\t\t\t<\/p>\n<style>\/*! elementor - v3.16.0 - 14-09-2023 *\/\n.elementor-column .elementor-spacer-inner{height:var(--spacer-size)}.e-con{--container-widget-width:100%}.e-con-inner>.elementor-widget-spacer,.e-con>.elementor-widget-spacer{width:var(--container-widget-width,var(--spacer-size));--align-self:var(--container-widget-align-self,initial);--flex-shrink:0}.e-con-inner>.elementor-widget-spacer>.elementor-widget-container,.e-con>.elementor-widget-spacer>.elementor-widget-container{height:100%;width:100%}.e-con-inner>.elementor-widget-spacer>.elementor-widget-container>.elementor-spacer,.e-con>.elementor-widget-spacer>.elementor-widget-container>.elementor-spacer{height:100%}.e-con-inner>.elementor-widget-spacer>.elementor-widget-container>.elementor-spacer>.elementor-spacer-inner,.e-con>.elementor-widget-spacer>.elementor-widget-container>.elementor-spacer>.elementor-spacer-inner{height:var(--container-widget-height,var(--spacer-size))}.e-con-inner>.elementor-widget-spacer.elementor-widget-empty,.e-con>.elementor-widget-spacer.elementor-widget-empty{position:relative;min-height:22px;min-width:22px}.e-con-inner>.elementor-widget-spacer.elementor-widget-empty .elementor-widget-empty-icon,.e-con>.elementor-widget-spacer.elementor-widget-empty .elementor-widget-empty-icon{position:absolute;top:0;bottom:0;left:0;right:0;margin:auto;padding:0;width:22px;height:22px}<\/style>\n","protected":false},"excerpt":{"rendered":"<p>Faites confiance \u00e0 nos m\u00e9caniciens exp\u00e9riment\u00e9s. Votre voiture m\u00e9rite le meilleur, et c&#8217;est ce que nous offrons. Contactez-nous Nous sommes l\u00e0 pour vous aider \u00e0 maintenir votre voiture en parfait \u00e9tat. Apportez vos voitures au meilleur garage de la r\u00e9gion Contactez-nous prev next R\u00e9paration de v\u00e9hicules 34+ Ann\u00e9es d&#039;exp\u00e9rience professionnelle \u00c0 propos de nous Notre&#8230;<\/p>\n","protected":false},"author":1,"featured_media":0,"parent":0,"menu_order":0,"comment_status":"closed","ping_status":"closed","template":"template-builder.php","meta":{"footnotes":""},"class_list":["post-20","page","type-page","status-publish","hentry","page--item"],"_links":{"self":[{"href":"https:\/\/garagemadeleine-bcs.fr\/index.php?rest_route=\/wp\/v2\/pages\/20","targetHints":{"allow":["GET"]}}],"collection":[{"href":"https:\/\/garagemadeleine-bcs.fr\/index.php?rest_route=\/wp\/v2\/pages"}],"about":[{"href":"https:\/\/garagemadeleine-bcs.fr\/index.php?rest_route=\/wp\/v2\/types\/page"}],"author":[{"embeddable":true,"href":"https:\/\/garagemadeleine-bcs.fr\/index.php?rest_route=\/wp\/v2\/users\/1"}],"replies":[{"embeddable":true,"href":"https:\/\/garagemadeleine-bcs.fr\/index.php?rest_route=%2Fwp%2Fv2%2Fcomments&post=20"}],"version-history":[{"count":290,"href":"https:\/\/garagemadeleine-bcs.fr\/index.php?rest_route=\/wp\/v2\/pages\/20\/revisions"}],"predecessor-version":[{"id":2367,"href":"https:\/\/garagemadeleine-bcs.fr\/index.php?rest_route=\/wp\/v2\/pages\/20\/revisions\/2367"}],"wp:attachment":[{"href":"https:\/\/garagemadeleine-bcs.fr\/index.php?rest_route=%2Fwp%2Fv2%2Fmedia&parent=20"}],"curies":[{"name":"wp","href":"https:\/\/api.w.org\/{rel}","templated":true}]}}