
{"id":23,"date":"2023-05-15T01:59:36","date_gmt":"2023-05-15T00:59:36","guid":{"rendered":"https:\/\/themeholy.com\/wordpress\/malen\/?page_id=23"},"modified":"2023-10-30T12:41:17","modified_gmt":"2023-10-30T12:41:17","slug":"nos-services","status":"publish","type":"page","link":"https:\/\/garagemadeleine-bcs.fr\/?page_id=23","title":{"rendered":"\u00c0 propos de nous"},"content":{"rendered":"<h3>NOS SERVICES<\/h3>\n<h2>LES SERVICES QUE NOUS OFFRONS !<\/h2>\n<p>\t\t\t\t\t\t\t<img decoding=\"async\" src=\"https:\/\/themeholy.com\/wordpress\/malen\/wp-content\/uploads\/2023\/05\/service_1_1.jpg\" alt=\"service_1_1\"  \/><br \/>\n\t\t\t\t\t\t\t\t\t<img decoding=\"async\" src=\"https:\/\/themeholy.com\/wordpress\/malen\/wp-content\/uploads\/2023\/05\/service_1_1.svg\" alt=\"service_1_1\"  \/>\t\t\t\t\t\t\t\t<\/p>\n<h3><a href=\"\">Freinage<\/a><br \/>\n\t\t\t\t\t\t\t\t\t\t<img decoding=\"async\" src=\"https:\/\/themeholy.com\/wordpress\/malen\/wp-content\/uploads\/2023\/05\/line2.svg\" alt=\"line2\"  \/><br \/>\n\t\t\t\t\t\t\t\t<\/h3>\n<p>Notre service de freinage est con\u00e7u pour garantir que votre v\u00e9hicule s&#039;arr\u00eate en toute s\u00e9curit\u00e9.<\/p>\n<p>\t\t\t\t\t\t\t<a href=\"\"><\/a><br \/>\n\t\t\t\t\t\t\t<img decoding=\"async\" src=\"https:\/\/themeholy.com\/wordpress\/malen\/wp-content\/uploads\/2023\/05\/service_1_2.jpg\" alt=\"service_1_2\"  \/><br \/>\n\t\t\t\t\t\t\t\t\t<img decoding=\"async\" src=\"https:\/\/themeholy.com\/wordpress\/malen\/wp-content\/uploads\/2023\/05\/service_1_2.svg\" alt=\"service_1_2\"  \/>\t\t\t\t\t\t\t\t<\/p>\n<h3><a href=\"\">Parall\u00e9lisme<\/a><br \/>\n\t\t\t\t\t\t\t\t\t\t<img decoding=\"async\" src=\"https:\/\/themeholy.com\/wordpress\/malen\/wp-content\/uploads\/2023\/05\/line2.svg\" alt=\"line2\"  \/><br \/>\n\t\t\t\t\t\t\t\t<\/h3>\n<p>Notre service de parall\u00e9lisme est con\u00e7u pour garantir que vos pneus sont align\u00e9s correctement.<\/p>\n<p>\t\t\t\t\t\t\t<a href=\"\"><\/a><br \/>\n\t\t\t\t\t\t\t<img decoding=\"async\" src=\"https:\/\/themeholy.com\/wordpress\/malen\/wp-content\/uploads\/2023\/05\/service_1_4.jpg\" alt=\"service_1_4\"  \/><br \/>\n\t\t\t\t\t\t\t\t\t<img decoding=\"async\" src=\"http:\/\/garagemadeleine-bcs.fr\/wp-content\/uploads\/2023\/05\/service_1_3.svg\" alt=\"service_1_3\"  \/>\t\t\t\t\t\t\t\t<\/p>\n<h3><a href=\"\"> Vidange<\/a><br \/>\n\t\t\t\t\t\t\t\t\t\t<img decoding=\"async\" src=\"https:\/\/themeholy.com\/wordpress\/malen\/wp-content\/uploads\/2023\/05\/line2.svg\" alt=\"line2\"  \/><br \/>\n\t\t\t\t\t\t\t\t<\/h3>\n<p> Notre service de vidange d&#039;huile consiste \u00e0 remplacer l&#039;huile usag\u00e9e de votre moteur par de l&#039;huile neuve.<\/p>\n<p>\t\t\t\t\t\t\t<a href=\"\"><\/a><br \/>\n\t\t\t\t\t\t\t<img decoding=\"async\" src=\"https:\/\/themeholy.com\/wordpress\/malen\/wp-content\/uploads\/2023\/05\/service_1_4.jpg\" alt=\"service_1_4\"  \/><br \/>\n\t\t\t\t\t\t\t\t\t<img decoding=\"async\" src=\"http:\/\/garagemadeleine-bcs.fr\/wp-content\/uploads\/2023\/05\/service_3_4.svg\" alt=\"service_3_4\"  \/>\t\t\t\t\t\t\t\t<\/p>\n<h3><a href=\"\"> Diagnostic<\/a><br \/>\n\t\t\t\t\t\t\t\t\t\t<img decoding=\"async\" src=\"https:\/\/themeholy.com\/wordpress\/malen\/wp-content\/uploads\/2023\/05\/line2.svg\" alt=\"line2\"  \/><br \/>\n\t\t\t\t\t\t\t\t<\/h3>\n<p> Notre service de diagnostic est con\u00e7u pour identifier les probl\u00e8mes potentiels de votre v\u00e9hicule.<\/p>\n<p>\t\t\t\t\t\t\t<a href=\"\"><\/a><br \/>\n\t\t\t\t\t\t\t<img decoding=\"async\" src=\"https:\/\/themeholy.com\/wordpress\/malen\/wp-content\/uploads\/2023\/05\/service_1_4.jpg\" alt=\"service_1_4\"  \/><br \/>\n\t\t\t\t\t\t\t\t\t<img decoding=\"async\" src=\"http:\/\/garagemadeleine-bcs.fr\/wp-content\/uploads\/2023\/05\/service_1_2.svg\" alt=\"service_1_2\"  \/>\t\t\t\t\t\t\t\t<\/p>\n<h3><a href=\"\">Automobile<\/a><br \/>\n\t\t\t\t\t\t\t\t\t\t<img decoding=\"async\" src=\"https:\/\/themeholy.com\/wordpress\/malen\/wp-content\/uploads\/2023\/05\/line2.svg\" alt=\"line2\"  \/><br \/>\n\t\t\t\t\t\t\t\t<\/h3>\n<p> Nous offrons une gamme compl\u00e8te de services automobiles, y compris des r\u00e9parations m\u00e9caniques et plus encore.<\/p>\n<p>\t\t\t\t\t\t\t<a href=\"\"><\/a><br \/>\n\t\t\t\t\t\t\t<img decoding=\"async\" src=\"https:\/\/themeholy.com\/wordpress\/malen\/wp-content\/uploads\/2023\/05\/service_1_4.jpg\" alt=\"service_1_4\"  \/><br \/>\n\t\t\t\t\t\t\t\t\t<img decoding=\"async\" src=\"http:\/\/garagemadeleine-bcs.fr\/wp-content\/uploads\/2023\/05\/service_1_4.svg\" alt=\"service_1_4\"  \/>\t\t\t\t\t\t\t\t<\/p>\n<h3><a href=\"\">Pose d&#039;accessoires<\/a><br \/>\n\t\t\t\t\t\t\t\t\t\t<img decoding=\"async\" src=\"https:\/\/themeholy.com\/wordpress\/malen\/wp-content\/uploads\/2023\/05\/line2.svg\" alt=\"line2\"  \/><br \/>\n\t\t\t\t\t\t\t\t<\/h3>\n<p> Nous offrons \u00e9galement des services de pose d&#039;accessoires pour personnaliser votre v\u00e9hicule.<\/p>\n<p>\t\t\t\t\t\t\t<a href=\"\"><\/a><br \/>\n\t\t\t\t\t\t\t<img decoding=\"async\" src=\"https:\/\/themeholy.com\/wordpress\/malen\/wp-content\/uploads\/2023\/05\/service_1_4.jpg\" alt=\"service_1_4\"  \/><br \/>\n\t\t\t\t\t\t\t\t\t<img decoding=\"async\" src=\"http:\/\/garagemadeleine-bcs.fr\/wp-content\/uploads\/2023\/05\/service_3_1.svg\" alt=\"service_3_1\"  \/>\t\t\t\t\t\t\t\t<\/p>\n<h3><a href=\"\">Artisan<\/a><br \/>\n\t\t\t\t\t\t\t\t\t\t<img decoding=\"async\" src=\"https:\/\/themeholy.com\/wordpress\/malen\/wp-content\/uploads\/2023\/05\/line2.svg\" alt=\"line2\"  \/><br \/>\n\t\t\t\t\t\t\t\t<\/h3>\n<p>Nous avons une \u00e9quipe de professionnels qualifi\u00e9s qui sont en mesure de restaurer votre voiture \u00e0 son \u00e9tat d&#039;origine ou de la personnaliser selon vos sp\u00e9cifications.<\/p>\n<p>\t\t\t\t\t\t\t<a href=\"\"><\/a><br \/>\n\t\t\t\t\t\t\t<img decoding=\"async\" src=\"https:\/\/themeholy.com\/wordpress\/malen\/wp-content\/uploads\/2023\/05\/service_1_4.jpg\" alt=\"service_1_4\"  \/><br \/>\n\t\t\t\t\t\t\t\t\t<img decoding=\"async\" src=\"http:\/\/garagemadeleine-bcs.fr\/wp-content\/uploads\/2023\/05\/users3.svg\" alt=\"users3\"  \/>\t\t\t\t\t\t\t\t<\/p>\n<h3><a href=\"\"> Vente d&#039;accessoires<\/a><br \/>\n\t\t\t\t\t\t\t\t\t\t<img decoding=\"async\" src=\"https:\/\/themeholy.com\/wordpress\/malen\/wp-content\/uploads\/2023\/05\/line2.svg\" alt=\"line2\"  \/><br \/>\n\t\t\t\t\t\t\t\t<\/h3>\n<p> Nous avons une s\u00e9lection compl\u00e8te d&#039;accessoires automobiles \u00e0 vendre, y compris des pneus, des jantes, des syst\u00e8mes audio et plus encore.<\/p>\n<p>\t\t\t\t\t\t\t<a href=\"\"><\/a><\/p>\n<h3>N&#039;h\u00e9sitez pas \u00e0 nous envoyer un message.<\/h3>\n<p role=\"status\" aria-live=\"polite\" aria-atomic=\"true\">\n<ul><\/ul>\n<form action=\"\/wp-admin\/admin-ajax.php#wpcf7-f913-o1\" method=\"post\" aria-label=\"Contact form\" novalidate=\"novalidate\" data-status=\"init\">\n<input type=\"hidden\" name=\"_wpcf7\" value=\"913\" \/><br \/>\n<input type=\"hidden\" name=\"_wpcf7_version\" value=\"5.8\" \/><br \/>\n<input type=\"hidden\" name=\"_wpcf7_locale\" value=\"en_US\" \/><br \/>\n<input type=\"hidden\" name=\"_wpcf7_unit_tag\" value=\"wpcf7-f913-o1\" \/><br \/>\n<input type=\"hidden\" name=\"_wpcf7_container_post\" value=\"0\" \/><br \/>\n<input type=\"hidden\" name=\"_wpcf7_posted_data_hash\" value=\"\" \/><br \/>\n        <input size=\"40\" aria-required=\"true\" aria-invalid=\"false\" placeholder=\"Votre Nom\" value=\"\" type=\"text\" name=\"votre-nom\" \/><br \/>\n        <input size=\"40\" aria-required=\"true\" aria-invalid=\"false\" placeholder=\"Votre adresse courriel\" value=\"\" type=\"email\" name=\"votre-mail\" \/><br \/>\n        <input size=\"40\" aria-required=\"true\" aria-invalid=\"false\" placeholder=\"T\u00e9l\u00e9phone\" value=\"\" type=\"tel\" name=\"tel\" \/><br \/>\n       <select aria-required=\"true\" aria-invalid=\"false\" name=\"services\"><option value=\"M\u00e9canique\">M\u00e9canique<\/option><option value=\"Climatisation\">Climatisation<\/option><option value=\"Electricit\u00e9\">Electricit\u00e9<\/option><\/select><br \/>\n        <textarea cols=\"40\" rows=\"10\" aria-required=\"true\" aria-invalid=\"false\" placeholder=\"Votre message\" name=\"votre-message\"><\/textarea><br \/>\n\t\t<button type=\"submit\"> ENVOYER <\/button><br \/>\n<\/form>\n<p>\t\t\tPourquoi nous choisir ?<\/p>\n<h2>Nous nous engageons \u00e0 vous offrir le meilleur service de r\u00e9paration automobile pour que vous puissiez rouler sans souci.<\/h2>\n<p>                        <img decoding=\"async\" src=\"https:\/\/themeholy.com\/wordpress\/malen\/wp-content\/uploads\/2023\/05\/feature_shape.svg\" alt=\"feature_shape\"  \/><br \/>\n                        <img decoding=\"async\" src=\"https:\/\/themeholy.com\/wordpress\/malen\/wp-content\/uploads\/2023\/05\/technician.svg\" alt=\"technician\"  \/>                    <\/p>\n<h3>Pi\u00e8ces et \u00e9quipements de qualit\u00e9<\/h3>\n<p>Favorisez le fonctionnement de votre v\u00e9hicule de mani\u00e8re fiable et efficace.<\/p>\n<p>                        <img decoding=\"async\" src=\"https:\/\/themeholy.com\/wordpress\/malen\/wp-content\/uploads\/2023\/05\/feature_shape.svg\" alt=\"feature_shape\"  \/><br \/>\n                        <img decoding=\"async\" src=\"https:\/\/themeholy.com\/wordpress\/malen\/wp-content\/uploads\/2023\/05\/mechanic.svg\" alt=\"mechanic\"  \/>                    <\/p>\n<h3>Ing\u00e9nieur professionnel<\/h3>\n<p>Nos m\u00e9caniciens sont form\u00e9s pour r\u00e9soudre les probl\u00e8mes m\u00e9caniques avec efficacit\u00e9.<\/p>\n<p>                        <img decoding=\"async\" src=\"https:\/\/themeholy.com\/wordpress\/malen\/wp-content\/uploads\/2023\/05\/feature_shape.svg\" alt=\"feature_shape\"  \/><br \/>\n                        <img decoding=\"async\" src=\"https:\/\/themeholy.com\/wordpress\/malen\/wp-content\/uploads\/2023\/05\/pistons.svg\" alt=\"pistons\"  \/>                    <\/p>\n<h3>Service client exceptionnel<\/h3>\n<p>Notre \u00e9quipe professionnelle r\u00e9pondra \u00e0 toutes vos questions et vous guidera lors du processus.<\/p>\n<style>\/*! elementor - v3.16.0 - 14-09-2023 *\/\n.elementor-column .elementor-spacer-inner{height:var(--spacer-size)}.e-con{--container-widget-width:100%}.e-con-inner>.elementor-widget-spacer,.e-con>.elementor-widget-spacer{width:var(--container-widget-width,var(--spacer-size));--align-self:var(--container-widget-align-self,initial);--flex-shrink:0}.e-con-inner>.elementor-widget-spacer>.elementor-widget-container,.e-con>.elementor-widget-spacer>.elementor-widget-container{height:100%;width:100%}.e-con-inner>.elementor-widget-spacer>.elementor-widget-container>.elementor-spacer,.e-con>.elementor-widget-spacer>.elementor-widget-container>.elementor-spacer{height:100%}.e-con-inner>.elementor-widget-spacer>.elementor-widget-container>.elementor-spacer>.elementor-spacer-inner,.e-con>.elementor-widget-spacer>.elementor-widget-container>.elementor-spacer>.elementor-spacer-inner{height:var(--container-widget-height,var(--spacer-size))}.e-con-inner>.elementor-widget-spacer.elementor-widget-empty,.e-con>.elementor-widget-spacer.elementor-widget-empty{position:relative;min-height:22px;min-width:22px}.e-con-inner>.elementor-widget-spacer.elementor-widget-empty .elementor-widget-empty-icon,.e-con>.elementor-widget-spacer.elementor-widget-empty .elementor-widget-empty-icon{position:absolute;top:0;bottom:0;left:0;right:0;margin:auto;padding:0;width:22px;height:22px}<\/style>\n<p>\t\t\t\t\t<img decoding=\"async\" src=\"https:\/\/themeholy.com\/wordpress\/malen\/wp-content\/uploads\/2023\/05\/about_2.png\" alt=\"about_2\"  \/><br \/>\n\t\t\t\t\t<img decoding=\"async\" src=\"https:\/\/themeholy.com\/wordpress\/malen\/wp-content\/uploads\/2023\/05\/about_3.png\" alt=\"about_3\"  \/><br \/>\n\t\t\t\t\t<img decoding=\"async\" src=\"https:\/\/themeholy.com\/wordpress\/malen\/wp-content\/uploads\/2023\/05\/about_dots.png\" alt=\"about_dots\"  \/><br \/>\n\t\t\t\u00c0 propos de nous<\/p>\n<h2>R\u00e9paration de qualit\u00e9 sup\u00e9rieure <\/h2>\n<p>Nos m\u00e9caniciens hautement qualifi\u00e9s sont form\u00e9s pour r\u00e9soudre tous les probl\u00e8mes m\u00e9caniques avec pr\u00e9cision et efficacit\u00e9. Que ce soit pour des r\u00e9parations mineures ou des travaux plus importants, nous utilisons des \u00e9quipements de pointe et des techniques de pointe pour remettre votre voiture en parfait \u00e9tat.<\/p>\n<p>\t\t\t\t\t\t\t<img decoding=\"async\" src=\"https:\/\/themeholy.com\/wordpress\/malen\/wp-content\/uploads\/2023\/05\/success.svg\" alt=\"success\"  \/>\t\t\t\t\t\t<\/p>\n<h3>Entreprise prim\u00e9e<\/h3>\n<p> Notre entreprise a remport\u00e9 une prime pour notre excellent travail et notre engagement envers nos clients.<\/p>\n<p>\t\t\t\t\t\t\t<img decoding=\"async\" src=\"https:\/\/themeholy.com\/wordpress\/malen\/wp-content\/uploads\/2023\/05\/phone_1.svg\" alt=\"phone_1\"  \/>\t\t\t\t\t\t<\/p>\n<h3>Soutien amical<\/h3>\n<p>Notre entreprise s&#039;engage \u00e0 offrir un soutien amical et professionnel \u00e0 tous nos clients.<\/p>\n<h3>34+<\/h3>\n<p>Ann\u00e9es d&#8217;exp\u00e9rience<\/p>\n<p>\t\t\tNotre entreprise <\/p>\n<h2>Faites le choix  de l&#8217;excellence avec notre entreprise.<\/h2>\n<p>\t\t\t\t\t\t\t<img decoding=\"async\" src=\"http:\/\/garagemadeleine-bcs.fr\/wp-content\/uploads\/2023\/09\/20230731_084809-scaled.jpg\" alt=\"20230731_084809 scaled\"  \/>                        <\/p>\n<h6><\/h6>\n<h4><a href=\"\">PDG<\/a><\/h4>\n<p>\t\t\t\t\t\t\t<img decoding=\"async\" src=\"http:\/\/garagemadeleine-bcs.fr\/wp-content\/uploads\/2023\/09\/20230731_085059-scaled.jpg\" alt=\"20230731_085059 scaled\"  \/>                        <\/p>\n<h6><\/h6>\n<h4><a href=\"\">LIng\u00e9nieure en automatisme<\/a><\/h4>\n<p>\t\t\t\t\t\t\t<img decoding=\"async\" src=\"http:\/\/garagemadeleine-bcs.fr\/wp-content\/uploads\/2023\/09\/20230731_085046-scaled.jpg\" alt=\"20230731_085046 scaled\"  \/>                        <\/p>\n<h6><\/h6>\n<h4><a href=\"\">S\u00e9cretaire de direction<\/a><\/h4>\n","protected":false},"excerpt":{"rendered":"<p>NOS SERVICES LES SERVICES QUE NOUS OFFRONS ! Freinage Notre service de freinage est con\u00e7u pour garantir que votre v\u00e9hicule s&#039;arr\u00eate en toute s\u00e9curit\u00e9. Parall\u00e9lisme Notre service de parall\u00e9lisme est con\u00e7u pour garantir que vos pneus sont align\u00e9s correctement. Vidange Notre service de vidange d&#039;huile consiste \u00e0 remplacer l&#039;huile usag\u00e9e de votre moteur par de&#8230;<\/p>\n","protected":false},"author":1,"featured_media":0,"parent":0,"menu_order":0,"comment_status":"closed","ping_status":"closed","template":"template-builder.php","meta":{"footnotes":""},"class_list":["post-23","page","type-page","status-publish","hentry","page--item"],"_links":{"self":[{"href":"https:\/\/garagemadeleine-bcs.fr\/index.php?rest_route=\/wp\/v2\/pages\/23","targetHints":{"allow":["GET"]}}],"collection":[{"href":"https:\/\/garagemadeleine-bcs.fr\/index.php?rest_route=\/wp\/v2\/pages"}],"about":[{"href":"https:\/\/garagemadeleine-bcs.fr\/index.php?rest_route=\/wp\/v2\/types\/page"}],"author":[{"embeddable":true,"href":"https:\/\/garagemadeleine-bcs.fr\/index.php?rest_route=\/wp\/v2\/users\/1"}],"replies":[{"embeddable":true,"href":"https:\/\/garagemadeleine-bcs.fr\/index.php?rest_route=%2Fwp%2Fv2%2Fcomments&post=23"}],"version-history":[{"count":77,"href":"https:\/\/garagemadeleine-bcs.fr\/index.php?rest_route=\/wp\/v2\/pages\/23\/revisions"}],"predecessor-version":[{"id":2377,"href":"https:\/\/garagemadeleine-bcs.fr\/index.php?rest_route=\/wp\/v2\/pages\/23\/revisions\/2377"}],"wp:attachment":[{"href":"https:\/\/garagemadeleine-bcs.fr\/index.php?rest_route=%2Fwp%2Fv2%2Fmedia&parent=23"}],"curies":[{"name":"wp","href":"https:\/\/api.w.org\/{rel}","templated":true}]}}