
{"id":28,"date":"2023-05-15T02:00:44","date_gmt":"2023-05-15T01:00:44","guid":{"rendered":"https:\/\/themeholy.com\/wordpress\/malen\/?page_id=28"},"modified":"2023-09-27T10:41:06","modified_gmt":"2023-09-27T09:41:06","slug":"contact","status":"publish","type":"page","link":"https:\/\/garagemadeleine-bcs.fr\/?page_id=28","title":{"rendered":"Contactez-nous"},"content":{"rendered":"<p>Contactez-nous<\/p>\n<h2>Nous sommes l\u00e0 pour vous aider !<\/h2>\n<p>Vous avez des questions sur nos services ou souhaitez prendre rendez-vous pour une r\u00e9paration ou un entretien ? Nous sommes l\u00e0 pour vous aider !<\/p>\n<p>\n\t\t\t\t\t\tWorking Time<br \/>\n\t\t\t\t\t\t\tDu lundi au vendredi de 7h00 \u00e0 14h00\n\t\t\t\t\t<\/p>\n<p>\n\t\t\t\t\t\tAppel t\u00e9l\u00e9phonique<br \/>\n\t\t\t\t\t\t<a href=\"tel:+5940594290382\"> +(594) 05 94 29 03 82<\/a>\n\t\t\t\t\t<\/p>\n<p>\n\t\t\t\t\t\tEnvoyez-nous un message<br \/>\n\t\t\t\t\t\t<a href=\"mailto:garagemadeleine@hotmail.com\">garagemadeleine@hotmail.com<\/a>\n\t\t\t\t\t<\/p>\n<h2>Envoyer un message <\/h2>\n<p role=\"status\" aria-live=\"polite\" aria-atomic=\"true\">\n<ul><\/ul>\n<form action=\"\/wp-admin\/admin-ajax.php#wpcf7-f913-o1\" method=\"post\" aria-label=\"Contact form\" novalidate=\"novalidate\" data-status=\"init\">\n<input type=\"hidden\" name=\"_wpcf7\" value=\"913\" \/><br \/>\n<input type=\"hidden\" name=\"_wpcf7_version\" value=\"5.8\" \/><br \/>\n<input type=\"hidden\" name=\"_wpcf7_locale\" value=\"en_US\" \/><br \/>\n<input type=\"hidden\" name=\"_wpcf7_unit_tag\" value=\"wpcf7-f913-o1\" \/><br \/>\n<input type=\"hidden\" name=\"_wpcf7_container_post\" value=\"0\" \/><br \/>\n<input type=\"hidden\" name=\"_wpcf7_posted_data_hash\" value=\"\" \/><br \/>\n        <input size=\"40\" aria-required=\"true\" aria-invalid=\"false\" placeholder=\"Votre Nom\" value=\"\" type=\"text\" name=\"votre-nom\" \/><br \/>\n        <input size=\"40\" aria-required=\"true\" aria-invalid=\"false\" placeholder=\"Votre adresse courriel\" value=\"\" type=\"email\" name=\"votre-mail\" \/><br \/>\n        <input size=\"40\" aria-required=\"true\" aria-invalid=\"false\" placeholder=\"T\u00e9l\u00e9phone\" value=\"\" type=\"tel\" name=\"tel\" \/><br \/>\n       <select aria-required=\"true\" aria-invalid=\"false\" name=\"services\"><option value=\"M\u00e9canique\">M\u00e9canique<\/option><option value=\"Climatisation\">Climatisation<\/option><option value=\"Electricit\u00e9\">Electricit\u00e9<\/option><\/select><br \/>\n        <textarea cols=\"40\" rows=\"10\" aria-required=\"true\" aria-invalid=\"false\" placeholder=\"Votre message\" name=\"votre-message\"><\/textarea><br \/>\n\t\t<button type=\"submit\"> ENVOYER <\/button><br \/>\n<\/form>\n<style>\/*! elementor - v3.16.0 - 14-09-2023 *\/\n.elementor-widget-google_maps .elementor-widget-container{overflow:hidden}.elementor-widget-google_maps .elementor-custom-embed{line-height:0}.elementor-widget-google_maps iframe{height:300px}<\/style>\n<p>\t\t\t<iframe loading=\"lazy\"\n\t\t\t\t\tsrc=\"https:\/\/maps.google.com\/maps?q=%20ZA%20Digue%20Galmot%20N%C2%B029%2097300%20Cayenne&#038;t=m&#038;z=14&#038;output=embed&#038;iwloc=near\"\n\t\t\t\t\ttitle=\" ZA Digue Galmot N\u00b029 97300 Cayenne\"\n\t\t\t\t\taria-label=\" ZA Digue Galmot N\u00b029 97300 Cayenne\"\n\t\t\t><\/iframe><\/p>\n","protected":false},"excerpt":{"rendered":"<p>Contactez-nous Nous sommes l\u00e0 pour vous aider ! Vous avez des questions sur nos services ou souhaitez prendre rendez-vous pour une r\u00e9paration ou un entretien ? Nous sommes l\u00e0 pour vous aider ! Working Time Du lundi au vendredi de 7h00 \u00e0 14h00 Appel t\u00e9l\u00e9phonique +(594) 05 94 29 03 82 Envoyez-nous un message garagemadeleine@hotmail.com&#8230;<\/p>\n","protected":false},"author":1,"featured_media":0,"parent":0,"menu_order":0,"comment_status":"closed","ping_status":"closed","template":"template-builder.php","meta":{"footnotes":""},"class_list":["post-28","page","type-page","status-publish","hentry","page--item"],"_links":{"self":[{"href":"https:\/\/garagemadeleine-bcs.fr\/index.php?rest_route=\/wp\/v2\/pages\/28","targetHints":{"allow":["GET"]}}],"collection":[{"href":"https:\/\/garagemadeleine-bcs.fr\/index.php?rest_route=\/wp\/v2\/pages"}],"about":[{"href":"https:\/\/garagemadeleine-bcs.fr\/index.php?rest_route=\/wp\/v2\/types\/page"}],"author":[{"embeddable":true,"href":"https:\/\/garagemadeleine-bcs.fr\/index.php?rest_route=\/wp\/v2\/users\/1"}],"replies":[{"embeddable":true,"href":"https:\/\/garagemadeleine-bcs.fr\/index.php?rest_route=%2Fwp%2Fv2%2Fcomments&post=28"}],"version-history":[{"count":19,"href":"https:\/\/garagemadeleine-bcs.fr\/index.php?rest_route=\/wp\/v2\/pages\/28\/revisions"}],"predecessor-version":[{"id":2375,"href":"https:\/\/garagemadeleine-bcs.fr\/index.php?rest_route=\/wp\/v2\/pages\/28\/revisions\/2375"}],"wp:attachment":[{"href":"https:\/\/garagemadeleine-bcs.fr\/index.php?rest_route=%2Fwp%2Fv2%2Fmedia&parent=28"}],"curies":[{"name":"wp","href":"https:\/\/api.w.org\/{rel}","templated":true}]}}